{"id":112,"date":"2025-02-20T10:04:52","date_gmt":"2025-02-20T09:04:52","guid":{"rendered":"https:\/\/rstoiture.fr\/?page_id=112"},"modified":"2025-03-10T09:22:06","modified_gmt":"2025-03-10T08:22:06","slug":"zinguerie","status":"publish","type":"page","link":"https:\/\/rstoiture.fr\/index.php\/zinguerie\/","title":{"rendered":"ZINGUERIE"},"content":{"rendered":"\n<div class=\"wp-block-group alignfull has-accent-background-color has-background\" style=\"margin-top:0;margin-bottom:0;padding-top:var(--wp--preset--spacing--50);padding-right:var(--wp--preset--spacing--50);padding-bottom:var(--wp--preset--spacing--50);padding-left:var(--wp--preset--spacing--50)\"><div class=\"wp-block-group__inner-container is-layout-constrained wp-container-core-group-is-layout-2bafd31c wp-block-group-is-layout-constrained\">\n<div class=\"wp-block-columns alignwide is-layout-flex wp-container-core-columns-is-layout-4d397ad4 wp-block-columns-is-layout-flex\">\n<div class=\"wp-block-column is-vertically-aligned-stretch is-layout-flow wp-block-column-is-layout-flow\" style=\"flex-basis:50%\">\n<div class=\"wp-block-group is-vertical is-content-justification-stretch is-layout-flex wp-container-core-group-is-layout-d9786264 wp-block-group-is-layout-flex\" style=\"min-height:100%\">\n<p class=\"has-heading-font-family has-x-large-font-size\" style=\"line-height:1.2\">Pour assurer une parfaite <strong>\u00e9tanch\u00e9it\u00e9<\/strong> de votre toiture, la zinguerie est l\u2019\u00e9l\u00e9ment cl\u00e9.<\/p>\n\n\n\n<p class=\"has-medium-font-size\">Elle permet la bonne \u00e9vacuation des <strong>eaux pluviales<\/strong> lors des intemp\u00e9ries et prot\u00e8ge vos fa\u00e7ades et vos menuiseries du ruissellement.<\/p>\n\n\n\n<p class=\"has-medium-font-size\">Gr\u00e2ce \u00e0 notre savoir-faire et nos comp\u00e9tences, <strong>RS TOITURE<\/strong> vous propose&nbsp;:<\/p>\n\n\n\n<ul class=\"wp-block-list\">\n<li class=\"has-medium-font-size\">La pose de <strong>goutti\u00e8res<\/strong><\/li>\n\n\n\n<li class=\"has-medium-font-size\">L\u2019organisation des<strong> descentes<\/strong> d\u2019eaux pluviales<\/li>\n\n\n\n<li class=\"has-medium-font-size\">Des <strong>habillages<\/strong> de bandeaux, de chemin\u00e9e<\/li>\n\n\n\n<li class=\"has-medium-font-size\">R\u00e9alisation d\u2019<strong>abergement<\/strong> et <strong>zinguerie<\/strong> courante<\/li>\n<\/ul>\n\n\n\n<p class=\"has-medium-font-size\">Les travaux sont adapt\u00e9s \u00e0 votre <strong>toiture<\/strong> et peuvent varier en fonction de son architecture, sa nature et son environnement.<\/p>\n\n\n\n<p class=\"has-medium-font-size\">Une toiture peut \u00eatre d\u00e9t\u00e9rior\u00e9e par des intemp\u00e9ries et \u00eatre \u00e0 l\u2019origine de <strong>fuites d\u2019eaux<\/strong>.<\/p>\n\n\n\n<p class=\"has-heading-font-family has-x-large-font-size\" style=\"line-height:1.2\">Nous sommes <strong>r\u00e9actif<\/strong> et intervenons avec <strong>rapidit\u00e9<\/strong>.<\/p>\n\n\n\n<div class=\"wp-block-group is-content-justification-left\"><div class=\"wp-block-group__inner-container is-layout-constrained wp-container-core-group-is-layout-ebdfa9d7 wp-block-group-is-layout-constrained\">\n<p class=\"wp-container-content-0733e5d0\"><\/p>\n<\/div><\/div>\n<\/div>\n<\/div>\n\n\n\n<div class=\"wp-block-column is-vertically-aligned-center is-layout-flow wp-block-column-is-layout-flow\" style=\"flex-basis:50%\">\n<figure class=\"wp-block-image size-large is-style-default\"><img loading=\"lazy\" decoding=\"async\" width=\"1920\" height=\"2560\" src=\"https:\/\/rstoiture.fr\/wp-content\/uploads\/2025\/03\/IMG20241003170506-edited-scaled.jpg\" alt=\"\" class=\"wp-image-790\" style=\"aspect-ratio:3\/4;object-fit:cover\" srcset=\"https:\/\/rstoiture.fr\/wp-content\/uploads\/2025\/03\/IMG20241003170506-edited-scaled.jpg 1920w, https:\/\/rstoiture.fr\/wp-content\/uploads\/2025\/03\/IMG20241003170506-edited-225x300.jpg 225w, https:\/\/rstoiture.fr\/wp-content\/uploads\/2025\/03\/IMG20241003170506-edited-768x1024.jpg 768w, https:\/\/rstoiture.fr\/wp-content\/uploads\/2025\/03\/IMG20241003170506-edited-1152x1536.jpg 1152w, https:\/\/rstoiture.fr\/wp-content\/uploads\/2025\/03\/IMG20241003170506-edited-1536x2048.jpg 1536w, https:\/\/rstoiture.fr\/wp-content\/uploads\/2025\/03\/IMG20241003170506-edited-810x1080.jpg 810w\" sizes=\"(max-width: 1920px) 100vw, 1920px\" \/><figcaption class=\"wp-element-caption\">oppo_32<\/figcaption><\/figure>\n<\/div>\n<\/div>\n<\/div><\/div>\n\n\n\n<div class=\"wp-block-group alignfull has-accent-background-color has-background\" style=\"margin-top:0;margin-bottom:0;padding-top:var(--wp--preset--spacing--50);padding-right:var(--wp--preset--spacing--50);padding-bottom:var(--wp--preset--spacing--50);padding-left:var(--wp--preset--spacing--50)\"><div class=\"wp-block-group__inner-container is-layout-constrained wp-container-core-group-is-layout-2bafd31c wp-block-group-is-layout-constrained\">\n<div class=\"wp-block-columns alignwide is-layout-flex wp-container-core-columns-is-layout-4d397ad4 wp-block-columns-is-layout-flex\">\n<div class=\"wp-block-column is-vertically-aligned-stretch is-layout-flow wp-block-column-is-layout-flow\" style=\"flex-basis:50%\"><\/div>\n\n\n\n<div class=\"wp-block-column is-vertically-aligned-center is-layout-flow wp-block-column-is-layout-flow\" style=\"flex-basis:50%\">\n<p><\/p>\n<\/div>\n<\/div>\n<\/div><\/div>\n","protected":false},"excerpt":{"rendered":"<p>Pour assurer une parfaite \u00e9tanch\u00e9it\u00e9 de votre toiture, la zinguerie est l\u2019\u00e9l\u00e9ment cl\u00e9. Elle permet la bonne \u00e9vacuation des eaux pluviales lors des intemp\u00e9ries et prot\u00e8ge vos fa\u00e7ades et vos menuiseries du ruissellement. Gr\u00e2ce \u00e0 notre savoir-faire et nos comp\u00e9tences, RS TOITURE vous propose&nbsp;: Les travaux sont adapt\u00e9s \u00e0 votre toiture et peuvent varier en [&hellip;]<\/p>\n","protected":false},"author":1,"featured_media":0,"parent":0,"menu_order":0,"comment_status":"closed","ping_status":"closed","template":"","meta":{"saved_in_kubio":true,"footnotes":""},"class_list":["post-112","page","type-page","status-publish","hentry"],"kubio_ai_page_context":{"short_desc":"","purpose":"general"},"_links":{"self":[{"href":"https:\/\/rstoiture.fr\/index.php\/wp-json\/wp\/v2\/pages\/112","targetHints":{"allow":["GET"]}}],"collection":[{"href":"https:\/\/rstoiture.fr\/index.php\/wp-json\/wp\/v2\/pages"}],"about":[{"href":"https:\/\/rstoiture.fr\/index.php\/wp-json\/wp\/v2\/types\/page"}],"author":[{"embeddable":true,"href":"https:\/\/rstoiture.fr\/index.php\/wp-json\/wp\/v2\/users\/1"}],"replies":[{"embeddable":true,"href":"https:\/\/rstoiture.fr\/index.php\/wp-json\/wp\/v2\/comments?post=112"}],"version-history":[{"count":9,"href":"https:\/\/rstoiture.fr\/index.php\/wp-json\/wp\/v2\/pages\/112\/revisions"}],"predecessor-version":[{"id":795,"href":"https:\/\/rstoiture.fr\/index.php\/wp-json\/wp\/v2\/pages\/112\/revisions\/795"}],"wp:attachment":[{"href":"https:\/\/rstoiture.fr\/index.php\/wp-json\/wp\/v2\/media?parent=112"}],"curies":[{"name":"wp","href":"https:\/\/api.w.org\/{rel}","templated":true}]}}