{"id":81,"date":"2025-02-20T09:03:33","date_gmt":"2025-02-20T08:03:33","guid":{"rendered":"https:\/\/rstoiture.fr\/?page_id=81"},"modified":"2025-03-10T09:34:35","modified_gmt":"2025-03-10T08:34:35","slug":"couverture-zinguerie","status":"publish","type":"page","link":"https:\/\/rstoiture.fr\/index.php\/couverture-zinguerie\/","title":{"rendered":"COUVERTURE"},"content":{"rendered":"\n<div class=\"wp-block-group alignfull has-accent-background-color has-background\" style=\"margin-top:0;margin-bottom:0;padding-top:var(--wp--preset--spacing--50);padding-right:var(--wp--preset--spacing--50);padding-bottom:var(--wp--preset--spacing--50);padding-left:var(--wp--preset--spacing--50)\"><div class=\"wp-block-group__inner-container is-layout-constrained wp-container-core-group-is-layout-2bafd31c wp-block-group-is-layout-constrained\">\n<div class=\"wp-block-columns alignwide is-layout-flex wp-container-core-columns-is-layout-4d397ad4 wp-block-columns-is-layout-flex\">\n<div class=\"wp-block-column is-vertically-aligned-stretch is-layout-flow wp-block-column-is-layout-flow\" style=\"flex-basis:50%\">\n<div class=\"wp-block-group is-vertical is-content-justification-stretch is-layout-flex wp-container-core-group-is-layout-d9786264 wp-block-group-is-layout-flex\" style=\"min-height:100%\">\n<p class=\"has-heading-font-family has-x-large-font-size\" style=\"line-height:1.2\">R\u00e9aliser, r\u00e9parer, entretenir les toitures est notre m\u00e9tier.<\/p>\n\n\n\n<p class=\"has-medium-font-size\">Chez <strong>RS TOITURE<\/strong>, nous veillons \u00e0 ce que vos toitures assurent pleinement leur <strong>r\u00f4le de protection<\/strong> contre les intemp\u00e9ries.<\/p>\n\n\n\n<p class=\"has-medium-font-size\">Nous travaillons uniquement avec des tuiles <strong>fabriqu\u00e9es en France<\/strong> (EDILIANS), et <strong>garanties 30 ans<\/strong>.<\/p>\n\n\n\n<p class=\"has-heading-font-family has-medium-font-size\" style=\"line-height:1.2\"><strong>RS TOITURE<\/strong> vous propose une \u00e9tude personnalis\u00e9e de votre toiture.<\/p>\n\n\n\n<p><\/p>\n\n\n\n<p><\/p>\n\n\n\n<div class=\"wp-block-group is-content-justification-left\"><div class=\"wp-block-group__inner-container is-layout-constrained wp-container-core-group-is-layout-ebdfa9d7 wp-block-group-is-layout-constrained\"><\/div><\/div>\n<\/div>\n<\/div>\n\n\n\n<div class=\"wp-block-column is-vertically-aligned-center is-layout-flow wp-block-column-is-layout-flow\" style=\"flex-basis:50%\">\n<figure class=\"wp-block-gallery has-nested-images columns-default is-cropped wp-block-gallery-1 is-layout-flex wp-block-gallery-is-layout-flex\">\n<figure class=\"wp-block-image size-full is-style-default\"><img loading=\"lazy\" decoding=\"async\" width=\"643\" height=\"857\" data-id=\"798\" src=\"https:\/\/rstoiture.fr\/wp-content\/uploads\/2025\/03\/FB_IMG_1739726714040-edited.jpg\" alt=\"\" class=\"wp-image-798\" style=\"aspect-ratio:3\/4;object-fit:cover\" srcset=\"https:\/\/rstoiture.fr\/wp-content\/uploads\/2025\/03\/FB_IMG_1739726714040-edited.jpg 643w, https:\/\/rstoiture.fr\/wp-content\/uploads\/2025\/03\/FB_IMG_1739726714040-edited-225x300.jpg 225w\" sizes=\"(max-width: 643px) 100vw, 643px\" \/><\/figure>\n<\/figure>\n<\/div>\n<\/div>\n<\/div><\/div>\n\n\n\n<div class=\"wp-block-group alignfull has-accent-background-color has-background\" style=\"margin-top:0;margin-bottom:0;padding-top:var(--wp--preset--spacing--50);padding-right:var(--wp--preset--spacing--50);padding-bottom:var(--wp--preset--spacing--50);padding-left:var(--wp--preset--spacing--50)\"><div class=\"wp-block-group__inner-container is-layout-constrained wp-container-core-group-is-layout-2bafd31c wp-block-group-is-layout-constrained\">\n<div class=\"wp-block-columns alignwide is-layout-flex wp-container-core-columns-is-layout-4d397ad4 wp-block-columns-is-layout-flex\">\n<div class=\"wp-block-column is-vertically-aligned-stretch is-layout-flow wp-block-column-is-layout-flow\" style=\"flex-basis:50%\">\n<div class=\"wp-block-group is-vertical is-content-justification-stretch is-layout-flex wp-container-core-group-is-layout-d9786264 wp-block-group-is-layout-flex\" style=\"min-height:100%\">\n<p class=\"has-heading-font-family has-x-large-font-size\" style=\"line-height:1.2\">Les travaux sont adapt\u00e9s \u00e0 votre <strong>toiture<\/strong> et peuvent varier en fonction de son architecture, sa nature <strong>et<\/strong> son environnement.<\/p>\n\n\n\n<p class=\"has-medium-font-size\">Nous sommes <strong>r\u00e9actif<\/strong> et intervenons avec <strong>rapidit\u00e9.<\/strong><\/p>\n\n\n\n<p class=\"has-heading-font-family has-x-large-font-size\" style=\"line-height:1.2\"> Contactez <strong>nous<\/strong> !<\/p>\n\n\n\n<div class=\"wp-block-group is-content-justification-left\"><div class=\"wp-block-group__inner-container is-layout-constrained wp-container-core-group-is-layout-ebdfa9d7 wp-block-group-is-layout-constrained\">\n<p class=\"wp-container-content-0733e5d0\"><\/p>\n<\/div><\/div>\n<\/div>\n<\/div>\n\n\n\n<div class=\"wp-block-column is-vertically-aligned-center is-layout-flow wp-block-column-is-layout-flow\" style=\"flex-basis:50%\">\n<figure class=\"wp-block-gallery has-nested-images columns-default is-cropped wp-block-gallery-2 is-layout-flex wp-block-gallery-is-layout-flex\">\n<figure class=\"wp-block-image size-large is-style-default\"><img loading=\"lazy\" decoding=\"async\" width=\"1807\" height=\"2410\" data-id=\"800\" src=\"https:\/\/rstoiture.fr\/wp-content\/uploads\/2025\/03\/IMG20240920135836-edited.jpg\" alt=\"\" class=\"wp-image-800\" style=\"aspect-ratio:3\/4;object-fit:cover\" srcset=\"https:\/\/rstoiture.fr\/wp-content\/uploads\/2025\/03\/IMG20240920135836-edited.jpg 1807w, https:\/\/rstoiture.fr\/wp-content\/uploads\/2025\/03\/IMG20240920135836-edited-225x300.jpg 225w, https:\/\/rstoiture.fr\/wp-content\/uploads\/2025\/03\/IMG20240920135836-edited-768x1024.jpg 768w, https:\/\/rstoiture.fr\/wp-content\/uploads\/2025\/03\/IMG20240920135836-edited-1152x1536.jpg 1152w, https:\/\/rstoiture.fr\/wp-content\/uploads\/2025\/03\/IMG20240920135836-edited-1536x2048.jpg 1536w, https:\/\/rstoiture.fr\/wp-content\/uploads\/2025\/03\/IMG20240920135836-edited-810x1080.jpg 810w\" sizes=\"(max-width: 1807px) 100vw, 1807px\" \/><\/figure>\n<\/figure>\n<\/div>\n<\/div>\n<\/div><\/div>\n","protected":false},"excerpt":{"rendered":"<p>R\u00e9aliser, r\u00e9parer, entretenir les toitures est notre m\u00e9tier. Chez RS TOITURE, nous veillons \u00e0 ce que vos toitures assurent pleinement leur r\u00f4le de protection contre les intemp\u00e9ries. Nous travaillons uniquement avec des tuiles fabriqu\u00e9es en France (EDILIANS), et garanties 30 ans. RS TOITURE vous propose une \u00e9tude personnalis\u00e9e de votre toiture. Les travaux sont adapt\u00e9s [&hellip;]<\/p>\n","protected":false},"author":1,"featured_media":0,"parent":0,"menu_order":0,"comment_status":"closed","ping_status":"closed","template":"","meta":{"saved_in_kubio":true,"footnotes":""},"class_list":["post-81","page","type-page","status-publish","hentry"],"kubio_ai_page_context":{"short_desc":"","purpose":"general"},"_links":{"self":[{"href":"https:\/\/rstoiture.fr\/index.php\/wp-json\/wp\/v2\/pages\/81","targetHints":{"allow":["GET"]}}],"collection":[{"href":"https:\/\/rstoiture.fr\/index.php\/wp-json\/wp\/v2\/pages"}],"about":[{"href":"https:\/\/rstoiture.fr\/index.php\/wp-json\/wp\/v2\/types\/page"}],"author":[{"embeddable":true,"href":"https:\/\/rstoiture.fr\/index.php\/wp-json\/wp\/v2\/users\/1"}],"replies":[{"embeddable":true,"href":"https:\/\/rstoiture.fr\/index.php\/wp-json\/wp\/v2\/comments?post=81"}],"version-history":[{"count":13,"href":"https:\/\/rstoiture.fr\/index.php\/wp-json\/wp\/v2\/pages\/81\/revisions"}],"predecessor-version":[{"id":802,"href":"https:\/\/rstoiture.fr\/index.php\/wp-json\/wp\/v2\/pages\/81\/revisions\/802"}],"wp:attachment":[{"href":"https:\/\/rstoiture.fr\/index.php\/wp-json\/wp\/v2\/media?parent=81"}],"curies":[{"name":"wp","href":"https:\/\/api.w.org\/{rel}","templated":true}]}}